{"id":61,"date":"2024-07-18T13:49:00","date_gmt":"2024-07-18T11:49:00","guid":{"rendered":"https:\/\/abanic-physio.com\/?page_id=61"},"modified":"2025-05-05T17:01:21","modified_gmt":"2025-05-05T15:01:21","slug":"koncept","status":"publish","type":"page","link":"https:\/\/abanic-physio.com\/en\/koncept\/","title":{"rendered":"Concept"},"content":{"rendered":"","protected":false},"excerpt":{"rendered":"","protected":false},"author":1,"featured_media":0,"parent":0,"menu_order":0,"comment_status":"closed","ping_status":"closed","template":"","meta":{"_acf_changed":false,"footnotes":""},"class_list":["post-61","page","type-page","status-publish","hentry"],"acf":[],"yoast_head":"<!-- This site is optimized with the Yoast SEO plugin v27.5 - https:\/\/yoast.com\/product\/yoast-seo-wordpress\/ -->\n<title>ABANIC PHYSIO Bowen Koncept<\/title>\n<meta name=\"description\" content=\"ABANIC PHYSIO Bowen Koncept - integracija Bowen tehnike u suvremenu fizioterapiju stvaraju\u0107i stru\u010dan, cjelovit i opse\u017ean terapijski pristup.\" \/>\n<meta name=\"robots\" content=\"index, follow, max-snippet:-1, max-image-preview:large, max-video-preview:-1\" \/>\n<link rel=\"canonical\" href=\"https:\/\/abanic-physio.com\/en\/koncept\/\" \/>\n<meta property=\"og:locale\" content=\"en_GB\" \/>\n<meta property=\"og:type\" content=\"article\" \/>\n<meta property=\"og:title\" content=\"ABANIC PHYSIO Bowen Koncept\" \/>\n<meta property=\"og:description\" content=\"ABANIC PHYSIO Bowen Koncept - integracija Bowen tehnike u suvremenu fizioterapiju stvaraju\u0107i stru\u010dan, cjelovit i opse\u017ean terapijski pristup.\" \/>\n<meta property=\"og:url\" content=\"https:\/\/abanic-physio.com\/en\/koncept\/\" \/>\n<meta property=\"og:site_name\" content=\"Abanic Physio\" \/>\n<meta property=\"article:publisher\" content=\"https:\/\/www.facebook.com\/studiovita15\" \/>\n<meta property=\"article:modified_time\" content=\"2025-05-05T15:01:21+00:00\" \/>\n<meta property=\"og:image\" content=\"https:\/\/abanic-physio.com\/wp-content\/uploads\/2024\/12\/Abanic-Physio-logo-2.png\" \/>\n\t<meta property=\"og:image:width\" content=\"1118\" \/>\n\t<meta property=\"og:image:height\" content=\"533\" \/>\n\t<meta property=\"og:image:type\" content=\"image\/png\" \/>\n<meta name=\"twitter:card\" content=\"summary_large_image\" \/>\n<meta name=\"twitter:label1\" content=\"Estimated reading time\" \/>\n\t<meta name=\"twitter:data1\" content=\"7 minutes\" \/>\n<script type=\"application\/ld+json\" class=\"yoast-schema-graph\">{\"@context\":\"https:\\\/\\\/schema.org\",\"@graph\":[{\"@type\":\"WebPage\",\"@id\":\"https:\\\/\\\/abanic-physio.com\\\/koncept\\\/\",\"url\":\"https:\\\/\\\/abanic-physio.com\\\/koncept\\\/\",\"name\":\"ABANIC PHYSIO Bowen Koncept\",\"isPartOf\":{\"@id\":\"https:\\\/\\\/abanic-physio.com\\\/#website\"},\"datePublished\":\"2024-07-18T11:49:00+00:00\",\"dateModified\":\"2025-05-05T15:01:21+00:00\",\"description\":\"ABANIC PHYSIO Bowen Koncept - integracija Bowen tehnike u suvremenu fizioterapiju stvaraju\u0107i stru\u010dan, cjelovit i opse\u017ean terapijski pristup.\",\"breadcrumb\":{\"@id\":\"https:\\\/\\\/abanic-physio.com\\\/koncept\\\/#breadcrumb\"},\"inLanguage\":\"en-GB\",\"potentialAction\":[{\"@type\":\"ReadAction\",\"target\":[\"https:\\\/\\\/abanic-physio.com\\\/koncept\\\/\"]}]},{\"@type\":\"BreadcrumbList\",\"@id\":\"https:\\\/\\\/abanic-physio.com\\\/koncept\\\/#breadcrumb\",\"itemListElement\":[{\"@type\":\"ListItem\",\"position\":1,\"name\":\"Home\",\"item\":\"https:\\\/\\\/abanic-physio.com\\\/\"},{\"@type\":\"ListItem\",\"position\":2,\"name\":\"Koncept\"}]},{\"@type\":\"WebSite\",\"@id\":\"https:\\\/\\\/abanic-physio.com\\\/#website\",\"url\":\"https:\\\/\\\/abanic-physio.com\\\/\",\"name\":\"Abanic Physio\",\"description\":\"\",\"publisher\":{\"@id\":\"https:\\\/\\\/abanic-physio.com\\\/#organization\"},\"potentialAction\":[{\"@type\":\"SearchAction\",\"target\":{\"@type\":\"EntryPoint\",\"urlTemplate\":\"https:\\\/\\\/abanic-physio.com\\\/?s={search_term_string}\"},\"query-input\":{\"@type\":\"PropertyValueSpecification\",\"valueRequired\":true,\"valueName\":\"search_term_string\"}}],\"inLanguage\":\"en-GB\"},{\"@type\":\"Organization\",\"@id\":\"https:\\\/\\\/abanic-physio.com\\\/#organization\",\"name\":\"Abanic Bowen Koncept - Studio Vita\",\"url\":\"https:\\\/\\\/abanic-physio.com\\\/\",\"logo\":{\"@type\":\"ImageObject\",\"inLanguage\":\"en-GB\",\"@id\":\"https:\\\/\\\/abanic-physio.com\\\/#\\\/schema\\\/logo\\\/image\\\/\",\"url\":\"https:\\\/\\\/abanic-physio.com\\\/wp-content\\\/uploads\\\/2024\\\/11\\\/cropped-Abanic-Physio-logo-2-e1732475557608.png\",\"contentUrl\":\"https:\\\/\\\/abanic-physio.com\\\/wp-content\\\/uploads\\\/2024\\\/11\\\/cropped-Abanic-Physio-logo-2-e1732475557608.png\",\"width\":512,\"height\":512,\"caption\":\"Abanic Bowen Koncept - Studio Vita\"},\"image\":{\"@id\":\"https:\\\/\\\/abanic-physio.com\\\/#\\\/schema\\\/logo\\\/image\\\/\"},\"sameAs\":[\"https:\\\/\\\/www.facebook.com\\\/studiovita15\",\"https:\\\/\\\/www.instagram.com\\\/ana_banic_abanic_physio\\\/\"]}]}<\/script>\n<!-- \/ Yoast SEO plugin. -->","yoast_head_json":{"title":"ABANIC PHYSIO Bowen Concept","description":"ABANIC PHYSIO Bowen Koncept - integracija Bowen tehnike u suvremenu fizioterapiju stvaraju\u0107i stru\u010dan, cjelovit i opse\u017ean terapijski pristup.","robots":{"index":"index","follow":"follow","max-snippet":"max-snippet:-1","max-image-preview":"max-image-preview:large","max-video-preview":"max-video-preview:-1"},"canonical":"https:\/\/abanic-physio.com\/en\/koncept\/","og_locale":"en_GB","og_type":"article","og_title":"ABANIC PHYSIO Bowen Koncept","og_description":"ABANIC PHYSIO Bowen Koncept - integracija Bowen tehnike u suvremenu fizioterapiju stvaraju\u0107i stru\u010dan, cjelovit i opse\u017ean terapijski pristup.","og_url":"https:\/\/abanic-physio.com\/en\/koncept\/","og_site_name":"Abanic Physio","article_publisher":"https:\/\/www.facebook.com\/studiovita15","article_modified_time":"2025-05-05T15:01:21+00:00","og_image":[{"width":1118,"height":533,"url":"https:\/\/abanic-physio.com\/wp-content\/uploads\/2024\/12\/Abanic-Physio-logo-2.png","type":"image\/png"}],"twitter_card":"summary_large_image","twitter_misc":{"Estimated reading time":"7 minutes"},"schema":{"@context":"https:\/\/schema.org","@graph":[{"@type":"WebPage","@id":"https:\/\/abanic-physio.com\/koncept\/","url":"https:\/\/abanic-physio.com\/koncept\/","name":"ABANIC PHYSIO Bowen Concept","isPartOf":{"@id":"https:\/\/abanic-physio.com\/#website"},"datePublished":"2024-07-18T11:49:00+00:00","dateModified":"2025-05-05T15:01:21+00:00","description":"ABANIC PHYSIO Bowen Koncept - integracija Bowen tehnike u suvremenu fizioterapiju stvaraju\u0107i stru\u010dan, cjelovit i opse\u017ean terapijski pristup.","breadcrumb":{"@id":"https:\/\/abanic-physio.com\/koncept\/#breadcrumb"},"inLanguage":"en-GB","potentialAction":[{"@type":"ReadAction","target":["https:\/\/abanic-physio.com\/koncept\/"]}]},{"@type":"BreadcrumbList","@id":"https:\/\/abanic-physio.com\/koncept\/#breadcrumb","itemListElement":[{"@type":"ListItem","position":1,"name":"Home","item":"https:\/\/abanic-physio.com\/"},{"@type":"ListItem","position":2,"name":"Koncept"}]},{"@type":"WebSite","@id":"https:\/\/abanic-physio.com\/#website","url":"https:\/\/abanic-physio.com\/","name":"Abanic Physio","description":"","publisher":{"@id":"https:\/\/abanic-physio.com\/#organization"},"potentialAction":[{"@type":"SearchAction","target":{"@type":"EntryPoint","urlTemplate":"https:\/\/abanic-physio.com\/?s={search_term_string}"},"query-input":{"@type":"PropertyValueSpecification","valueRequired":true,"valueName":"search_term_string"}}],"inLanguage":"en-GB"},{"@type":"Organization","@id":"https:\/\/abanic-physio.com\/#organization","name":"Abanic Bowen Koncept - Studio Vita","url":"https:\/\/abanic-physio.com\/","logo":{"@type":"ImageObject","inLanguage":"en-GB","@id":"https:\/\/abanic-physio.com\/#\/schema\/logo\/image\/","url":"https:\/\/abanic-physio.com\/wp-content\/uploads\/2024\/11\/cropped-Abanic-Physio-logo-2-e1732475557608.png","contentUrl":"https:\/\/abanic-physio.com\/wp-content\/uploads\/2024\/11\/cropped-Abanic-Physio-logo-2-e1732475557608.png","width":512,"height":512,"caption":"Abanic Bowen Koncept - Studio Vita"},"image":{"@id":"https:\/\/abanic-physio.com\/#\/schema\/logo\/image\/"},"sameAs":["https:\/\/www.facebook.com\/studiovita15","https:\/\/www.instagram.com\/ana_banic_abanic_physio\/"]}]}},"_links":{"self":[{"href":"https:\/\/abanic-physio.com\/en\/wp-json\/wp\/v2\/pages\/61","targetHints":{"allow":["GET"]}}],"collection":[{"href":"https:\/\/abanic-physio.com\/en\/wp-json\/wp\/v2\/pages"}],"about":[{"href":"https:\/\/abanic-physio.com\/en\/wp-json\/wp\/v2\/types\/page"}],"author":[{"embeddable":true,"href":"https:\/\/abanic-physio.com\/en\/wp-json\/wp\/v2\/users\/1"}],"replies":[{"embeddable":true,"href":"https:\/\/abanic-physio.com\/en\/wp-json\/wp\/v2\/comments?post=61"}],"version-history":[{"count":1,"href":"https:\/\/abanic-physio.com\/en\/wp-json\/wp\/v2\/pages\/61\/revisions"}],"predecessor-version":[{"id":62,"href":"https:\/\/abanic-physio.com\/en\/wp-json\/wp\/v2\/pages\/61\/revisions\/62"}],"wp:attachment":[{"href":"https:\/\/abanic-physio.com\/en\/wp-json\/wp\/v2\/media?parent=61"}],"curies":[{"name":"wp","href":"https:\/\/api.w.org\/{rel}","templated":true}]}}